{"id":571,"date":"2023-06-18T07:31:58","date_gmt":"2023-06-18T07:31:58","guid":{"rendered":"https:\/\/patiotime.loftocean.com\/demo11\/?page_id=571"},"modified":"2025-12-12T16:19:52","modified_gmt":"2025-12-12T16:19:52","slug":"chambre-separee","status":"publish","type":"page","link":"https:\/\/dapeppe.se\/index.php\/chambre-separee\/","title":{"rendered":"Chambre Separee"},"content":{"rendered":"\t\t<div data-elementor-type=\"wp-page\" data-elementor-id=\"571\" class=\"elementor elementor-571\" data-elementor-post-type=\"page\">\n\t\t\t\t\t\t<section class=\"elementor-section elementor-top-section elementor-element elementor-element-241d273 elementor-section-height-min-height pt-section-content-fullwidth pt-parallax-on-scroll pt_scroll_y_120 elementor-section-boxed elementor-section-height-default elementor-section-items-middle\" data-id=\"241d273\" data-element_type=\"section\" data-e-type=\"section\" data-settings=\"{&quot;background_background&quot;:&quot;classic&quot;}\" data-pt-parallax-y=\"120\" style=\"background-image: none;\" data-pt-background-image=\"https:\/\/dapeppe.se\/wp-content\/uploads\/2024\/04\/chambre-stockholm-e1714394457948.jpg\">\n\t\t\t\t\t\t\t<div class=\"elementor-background-overlay\"><\/div>\n\t\t\t\t\t\t\t<div class=\"elementor-container elementor-column-gap-no\">\n\t\t\t\t\t<div class=\"elementor-column elementor-col-100 elementor-top-column elementor-element elementor-element-852874c dark-color\" data-id=\"852874c\" data-element_type=\"column\" data-e-type=\"column\">\n\t\t\t<div class=\"elementor-widget-wrap elementor-element-populated\">\n\t\t\t\t\t\t<div class=\"elementor-element elementor-element-04d2502 elementor-widget elementor-widget-pt_title\" data-id=\"04d2502\" data-element_type=\"widget\" data-e-type=\"widget\" data-widget_type=\"pt_title.default\">\n\t\t\t\t<div class=\"elementor-widget-container\">\n\t\t\t\t\t\n        <div class=\"pt-title-wrap text-center\">\t            <h1 class=\"pt-title\">\n\t                chambre separee\t            <\/h1>        <\/div>\t\t\t\t<\/div>\n\t\t\t\t<\/div>\n\t\t\t\t<div class=\"elementor-element elementor-element-6c5209b elementor-align-center elementor-mobile-align-center elementor-widget elementor-widget-pt_button\" data-id=\"6c5209b\" data-element_type=\"widget\" data-e-type=\"widget\" data-widget_type=\"pt_button.default\">\n\t\t\t\t<div class=\"elementor-widget-container\">\n\t\t\t\t\t        <a href=\"#chambre\" class=\"elementor-button-link button\" role=\"button\">\n            <span class=\"pt-btn-text\">BOKA CHAMBRE<\/span>\n        <\/a>\t\t\t\t<\/div>\n\t\t\t\t<\/div>\n\t\t\t\t\t<\/div>\n\t\t<\/div>\n\t\t\t\t\t<\/div>\n\t\t<\/section>\n\t\t\t\t<section class=\"elementor-section elementor-top-section elementor-element elementor-element-97f42e8 elementor-section-boxed elementor-section-height-default elementor-section-height-default\" data-id=\"97f42e8\" data-element_type=\"section\" data-e-type=\"section\" data-settings=\"{&quot;background_background&quot;:&quot;classic&quot;}\">\n\t\t\t\t\t\t<div class=\"elementor-container elementor-column-gap-no\">\n\t\t\t\t\t<div class=\"elementor-column elementor-col-50 elementor-top-column elementor-element elementor-element-ef14061\" data-id=\"ef14061\" data-element_type=\"column\" data-e-type=\"column\">\n\t\t\t<div class=\"elementor-widget-wrap elementor-element-populated\">\n\t\t\t\t\t\t<div class=\"elementor-element elementor-element-e619fe9 elementor-widget elementor-widget-pt_title\" data-id=\"e619fe9\" data-element_type=\"widget\" data-e-type=\"widget\" data-widget_type=\"pt_title.default\">\n\t\t\t\t<div class=\"elementor-widget-container\">\n\t\t\t\t\t\n        <div class=\"pt-title-wrap\">\t            <div class=\"pt-subtitle-wrap\"><span class=\"pt-subtitle\">Hosting a celebratory occasion<\/span><\/div>\t            <h4 class=\"pt-title color-white\">\n\t                chambre separee\t            <\/h4>\t            <div class=\"pt-title-text color-white\">\n\t                <p>V\u00e5r Chambre S\u00e9par\u00e9e erbjuder en exklusiv och intim milj\u00f6 f\u00f6r s\u00e4llskap som s\u00f6ker en privat och lyxig upplevelse. Med elegant inredning och f\u00f6rstklassig service skapar vi en atmosf\u00e4r av diskretion och komfort. Upplev en of\u00f6rgl\u00f6mlig kv\u00e4ll med dina n\u00e4rmaste i v\u00e5r Chambre S\u00e9par\u00e9e, d\u00e4r varje detalj \u00e4r noggrant utformad f\u00f6r att tillfredsst\u00e4lla dina sinnen och skapa minnesv\u00e4rda stunder.<\/p>\t            <\/div>        <\/div>\t\t\t\t<\/div>\n\t\t\t\t<\/div>\n\t\t\t\t<div class=\"elementor-element elementor-element-029d473 elementor-widget elementor-widget-image\" data-id=\"029d473\" data-element_type=\"widget\" data-e-type=\"widget\" data-widget_type=\"image.default\">\n\t\t\t\t<div class=\"elementor-widget-container\">\n\t\t\t\t\t\t\t\t\t\t\t\t\t\t\t<img fetchpriority=\"high\" decoding=\"async\" width=\"1024\" height=\"683\" src=\"https:\/\/dapeppe.se\/wp-content\/uploads\/2024\/04\/oxfile-1024x683.jpg\" class=\"attachment-large size-large wp-image-1116\" alt=\"\" srcset=\"https:\/\/dapeppe.se\/wp-content\/uploads\/2024\/04\/oxfile-1024x683.jpg 1024w, https:\/\/dapeppe.se\/wp-content\/uploads\/2024\/04\/oxfile-300x200.jpg 300w, https:\/\/dapeppe.se\/wp-content\/uploads\/2024\/04\/oxfile-768x512.jpg 768w, https:\/\/dapeppe.se\/wp-content\/uploads\/2024\/04\/oxfile-1536x1024.jpg 1536w, https:\/\/dapeppe.se\/wp-content\/uploads\/2024\/04\/oxfile-1920x1280.jpg 1920w, https:\/\/dapeppe.se\/wp-content\/uploads\/2024\/04\/oxfile-1440x960.jpg 1440w, https:\/\/dapeppe.se\/wp-content\/uploads\/2024\/04\/oxfile-1200x800.jpg 1200w, https:\/\/dapeppe.se\/wp-content\/uploads\/2024\/04\/oxfile-780x520.jpg 780w, https:\/\/dapeppe.se\/wp-content\/uploads\/2024\/04\/oxfile-600x400.jpg 600w, https:\/\/dapeppe.se\/wp-content\/uploads\/2024\/04\/oxfile-550x367.jpg 550w, https:\/\/dapeppe.se\/wp-content\/uploads\/2024\/04\/oxfile-370x247.jpg 370w, https:\/\/dapeppe.se\/wp-content\/uploads\/2024\/04\/oxfile-255x170.jpg 255w, https:\/\/dapeppe.se\/wp-content\/uploads\/2024\/04\/oxfile.jpg 1980w\" sizes=\"(max-width: 1024px) 100vw, 1024px\" \/>\t\t\t\t\t\t\t\t\t\t\t\t\t\t\t<\/div>\n\t\t\t\t<\/div>\n\t\t\t\t\t<\/div>\n\t\t<\/div>\n\t\t\t\t<div class=\"elementor-column elementor-col-50 elementor-top-column elementor-element elementor-element-445e8ea\" data-id=\"445e8ea\" data-element_type=\"column\" data-e-type=\"column\">\n\t\t\t<div class=\"elementor-widget-wrap elementor-element-populated\">\n\t\t\t\t\t\t<div class=\"elementor-element elementor-element-d8081fd elementor-widget elementor-widget-image\" data-id=\"d8081fd\" data-element_type=\"widget\" data-e-type=\"widget\" data-widget_type=\"image.default\">\n\t\t\t\t<div class=\"elementor-widget-container\">\n\t\t\t\t\t\t\t\t\t\t\t\t\t\t\t<img decoding=\"async\" width=\"683\" height=\"1024\" src=\"https:\/\/dapeppe.se\/wp-content\/uploads\/2024\/04\/DSC01845-683x1024.jpg\" class=\"attachment-large size-large wp-image-1119\" alt=\"\" srcset=\"https:\/\/dapeppe.se\/wp-content\/uploads\/2024\/04\/DSC01845-683x1024.jpg 683w, https:\/\/dapeppe.se\/wp-content\/uploads\/2024\/04\/DSC01845-200x300.jpg 200w, https:\/\/dapeppe.se\/wp-content\/uploads\/2024\/04\/DSC01845-768x1152.jpg 768w, https:\/\/dapeppe.se\/wp-content\/uploads\/2024\/04\/DSC01845-1024x1536.jpg 1024w, https:\/\/dapeppe.se\/wp-content\/uploads\/2024\/04\/DSC01845-1365x2048.jpg 1365w, https:\/\/dapeppe.se\/wp-content\/uploads\/2024\/04\/DSC01845-1920x2880.jpg 1920w, https:\/\/dapeppe.se\/wp-content\/uploads\/2024\/04\/DSC01845-1440x2160.jpg 1440w, https:\/\/dapeppe.se\/wp-content\/uploads\/2024\/04\/DSC01845-1200x1800.jpg 1200w, https:\/\/dapeppe.se\/wp-content\/uploads\/2024\/04\/DSC01845-780x1170.jpg 780w, https:\/\/dapeppe.se\/wp-content\/uploads\/2024\/04\/DSC01845-600x900.jpg 600w, https:\/\/dapeppe.se\/wp-content\/uploads\/2024\/04\/DSC01845-550x825.jpg 550w, https:\/\/dapeppe.se\/wp-content\/uploads\/2024\/04\/DSC01845-370x555.jpg 370w, https:\/\/dapeppe.se\/wp-content\/uploads\/2024\/04\/DSC01845-255x383.jpg 255w, https:\/\/dapeppe.se\/wp-content\/uploads\/2024\/04\/DSC01845-scaled.jpg 1707w\" sizes=\"(max-width: 683px) 100vw, 683px\" \/>\t\t\t\t\t\t\t\t\t\t\t\t\t\t\t<\/div>\n\t\t\t\t<\/div>\n\t\t\t\t\t<\/div>\n\t\t<\/div>\n\t\t\t\t\t<\/div>\n\t\t<\/section>\n\t\t\t\t<section class=\"elementor-section elementor-top-section elementor-element elementor-element-0f311fb elementor-section-full_width elementor-section-height-default elementor-section-height-default\" data-id=\"0f311fb\" data-element_type=\"section\" data-e-type=\"section\">\n\t\t\t\t\t\t<div class=\"elementor-container elementor-column-gap-no\">\n\t\t\t\t\t<div class=\"elementor-column elementor-col-100 elementor-top-column elementor-element elementor-element-6a49e0b\" data-id=\"6a49e0b\" data-element_type=\"column\" data-e-type=\"column\">\n\t\t\t<div class=\"elementor-widget-wrap elementor-element-populated\">\n\t\t\t\t\t\t<section class=\"elementor-section elementor-inner-section elementor-element elementor-element-8d4896f elementor-section-boxed elementor-section-height-default elementor-section-height-default\" data-id=\"8d4896f\" data-element_type=\"section\" data-e-type=\"section\">\n\t\t\t\t\t\t<div class=\"elementor-container elementor-column-gap-default\">\n\t\t\t\t\t<div class=\"elementor-column elementor-col-100 elementor-inner-column elementor-element elementor-element-7bdf953\" data-id=\"7bdf953\" data-element_type=\"column\" data-e-type=\"column\" id=\"chambre\" data-settings=\"{&quot;background_background&quot;:&quot;classic&quot;}\">\n\t\t\t<div class=\"elementor-widget-wrap elementor-element-populated\">\n\t\t\t\t\t\t<div class=\"elementor-element elementor-element-5b9b275 elementor-widget elementor-widget-pt_title\" data-id=\"5b9b275\" data-element_type=\"widget\" data-e-type=\"widget\" data-widget_type=\"pt_title.default\">\n\t\t\t\t<div class=\"elementor-widget-container\">\n\t\t\t\t\t\n        <div class=\"pt-title-wrap text-center\">\t            <div class=\"pt-subtitle-wrap\"><span class=\"pt-subtitle\">Please fill the form below<\/span><\/div>\t            <h6 class=\"pt-title\">\n\t                Reserve Your Event\t            <\/h6>\t            <div class=\"pt-title-text\">\n\t                <p>Minst 12 personer vid reservation av Chambr\u00e9n<\/p>\t            <\/div>        <\/div>\t\t\t\t<\/div>\n\t\t\t\t<\/div>\n\t\t\t\t<div class=\"elementor-element elementor-element-61fa3a3f elementor-button-align-stretch elementor-widget elementor-widget-form\" data-id=\"61fa3a3f\" data-element_type=\"widget\" data-e-type=\"widget\" data-settings=\"{&quot;step_next_label&quot;:&quot;Next&quot;,&quot;step_previous_label&quot;:&quot;Previous&quot;,&quot;button_width&quot;:&quot;100&quot;,&quot;step_type&quot;:&quot;number_text&quot;,&quot;step_icon_shape&quot;:&quot;circle&quot;}\" data-widget_type=\"form.default\">\n\t\t\t\t<div class=\"elementor-widget-container\">\n\t\t\t\t\t\t\t<form class=\"elementor-form\" method=\"post\" name=\"New Form\" aria-label=\"New Form\">\n\t\t\t<input type=\"hidden\" name=\"post_id\" value=\"571\"\/>\n\t\t\t<input type=\"hidden\" name=\"form_id\" value=\"61fa3a3f\"\/>\n\t\t\t<input type=\"hidden\" name=\"referer_title\" value=\"Chambre Separee - Da Peppe\" \/>\n\n\t\t\t\t\t\t\t<input type=\"hidden\" name=\"queried_id\" value=\"571\"\/>\n\t\t\t\n\t\t\t<div class=\"elementor-form-fields-wrapper elementor-labels-\">\n\t\t\t\t\t\t\t\t<div class=\"elementor-field-type-text elementor-field-group elementor-column elementor-field-group-name elementor-col-50\">\n\t\t\t\t\t\t\t\t\t\t\t\t<label for=\"form-field-name\" class=\"elementor-field-label elementor-screen-only\">\n\t\t\t\t\t\t\t\tFirst Name\t\t\t\t\t\t\t<\/label>\n\t\t\t\t\t\t\t\t\t\t\t\t\t\t<input size=\"1\" type=\"text\" name=\"form_fields[name]\" id=\"form-field-name\" class=\"elementor-field elementor-size-md  elementor-field-textual\" placeholder=\"First Name\">\n\t\t\t\t\t\t\t\t\t\t\t<\/div>\n\t\t\t\t\t\t\t\t<div class=\"elementor-field-type-text elementor-field-group elementor-column elementor-field-group-be51549 elementor-col-50\">\n\t\t\t\t\t\t\t\t\t\t\t\t<label for=\"form-field-be51549\" class=\"elementor-field-label elementor-screen-only\">\n\t\t\t\t\t\t\t\tLast Name\t\t\t\t\t\t\t<\/label>\n\t\t\t\t\t\t\t\t\t\t\t\t\t\t<input size=\"1\" type=\"text\" name=\"form_fields[be51549]\" id=\"form-field-be51549\" class=\"elementor-field elementor-size-md  elementor-field-textual\" placeholder=\"Last Name\">\n\t\t\t\t\t\t\t\t\t\t\t<\/div>\n\t\t\t\t\t\t\t\t<div class=\"elementor-field-type-email elementor-field-group elementor-column elementor-field-group-email elementor-col-50 elementor-field-required\">\n\t\t\t\t\t\t\t\t\t\t\t\t<label for=\"form-field-email\" class=\"elementor-field-label elementor-screen-only\">\n\t\t\t\t\t\t\t\tEmail Address\t\t\t\t\t\t\t<\/label>\n\t\t\t\t\t\t\t\t\t\t\t\t\t\t<input size=\"1\" type=\"email\" name=\"form_fields[email]\" id=\"form-field-email\" class=\"elementor-field elementor-size-md  elementor-field-textual\" placeholder=\"Email Address\" required=\"required\">\n\t\t\t\t\t\t\t\t\t\t\t<\/div>\n\t\t\t\t\t\t\t\t<div class=\"elementor-field-type-number elementor-field-group elementor-column elementor-field-group-personer elementor-col-50 elementor-field-required\">\n\t\t\t\t\t\t\t\t\t\t\t\t<label for=\"form-field-personer\" class=\"elementor-field-label elementor-screen-only\">\n\t\t\t\t\t\t\t\tAntal Personer\t\t\t\t\t\t\t<\/label>\n\t\t\t\t\t\t\t\t\t<input type=\"number\" name=\"form_fields[personer]\" id=\"form-field-personer\" class=\"elementor-field elementor-size-md  elementor-field-textual\" placeholder=\"Antal Personer\" required=\"required\" min=\"12\" max=\"\" >\n\t\t\t\t\t\t<\/div>\n\t\t\t\t\t\t\t\t<div class=\"elementor-field-type-textarea elementor-field-group elementor-column elementor-field-group-message elementor-col-100\">\n\t\t\t\t\t\t\t\t\t\t\t\t<label for=\"form-field-message\" class=\"elementor-field-label elementor-screen-only\">\n\t\t\t\t\t\t\t\tMessage\t\t\t\t\t\t\t<\/label>\n\t\t\t\t\t\t<textarea class=\"elementor-field-textual elementor-field  elementor-size-md\" name=\"form_fields[message]\" id=\"form-field-message\" rows=\"4\" placeholder=\"Message\"><\/textarea>\t\t\t\t<\/div>\n\t\t\t\t\t\t\t\t<div class=\"elementor-field-type-date elementor-field-group elementor-column elementor-field-group-field_d999b35 elementor-col-50 elementor-field-required\">\n\t\t\t\t\t\t\t\t\t\t\t\t<label for=\"form-field-field_d999b35\" class=\"elementor-field-label elementor-screen-only\">\n\t\t\t\t\t\t\t\tdate\t\t\t\t\t\t\t<\/label>\n\t\t\t\t\t\t\n\t\t<input type=\"date\" name=\"form_fields[field_d999b35]\" id=\"form-field-field_d999b35\" class=\"elementor-field elementor-size-md  elementor-field-textual elementor-date-field\" placeholder=\"DD-MM-YR\" value=\"date\" required=\"required\" pattern=\"[0-9]{4}-[0-9]{2}-[0-9]{2}\">\n\t\t\t\t\t\t<\/div>\n\t\t\t\t\t\t\t\t<div class=\"elementor-field-type-time elementor-field-group elementor-column elementor-field-group-field_024a0b8 elementor-col-50 elementor-field-required\">\n\t\t\t\t\t\t\t<input type=\"time\" name=\"form_fields[field_024a0b8]\" id=\"form-field-field_024a0b8\" class=\"elementor-field elementor-size-md  elementor-field-textual elementor-time-field\" placeholder=\"Tid\" required=\"required\">\n\t\t\t\t\t\t<\/div>\n\t\t\t\t\t\t\t\t<div class=\"elementor-field-group elementor-column elementor-field-type-submit elementor-col-100 e-form__buttons\">\n\t\t\t\t\t<button class=\"elementor-button elementor-size-md\" type=\"submit\">\n\t\t\t\t\t\t<span class=\"elementor-button-content-wrapper\">\n\t\t\t\t\t\t\t\t\t\t\t\t\t\t\t\t\t\t\t\t\t\t<span class=\"elementor-button-text\">Submit<\/span>\n\t\t\t\t\t\t\t\t\t\t\t\t\t<\/span>\n\t\t\t\t\t<\/button>\n\t\t\t\t<\/div>\n\t\t\t<\/div>\n\t\t<\/form>\n\t\t\t\t\t\t<\/div>\n\t\t\t\t<\/div>\n\t\t\t\t\t<\/div>\n\t\t<\/div>\n\t\t\t\t\t<\/div>\n\t\t<\/section>\n\t\t\t\t\t<\/div>\n\t\t<\/div>\n\t\t\t\t\t<\/div>\n\t\t<\/section>\n\t\t\t\t<\/div>\n\t\t","protected":false},"excerpt":{"rendered":"<p>chambre separee BOKA CHAMBRE Hosting a celebratory occasion chambre separee V\u00e5r Chambre S\u00e9par\u00e9e erbjuder en exklusiv och intim milj\u00f6 f\u00f6r s\u00e4llskap som s\u00f6ker en privat och lyxig upplevelse. Med elegant inredning och f\u00f6rstklassig service skapar vi en atmosf\u00e4r av diskretion och komfort. Upplev en of\u00f6rgl\u00f6mlig kv\u00e4ll med dina n\u00e4rmaste i v\u00e5r Chambre S\u00e9par\u00e9e, d\u00e4r varje &#8230;<\/p>\n","protected":false},"author":1,"featured_media":0,"parent":0,"menu_order":0,"comment_status":"closed","ping_status":"closed","template":"template-wide-content.php","meta":{"patiotime_single_page_hide_site_header":"","patiotime_single_page_site_header_source":"","patiotime_single_page_custom_site_header":"0","patiotime_single_page_custom_sticky_site_header":"0","patiotime_single_page_custom_page_title_margin_top_source":"","patiotime_single_page_custom_page_title_desktop_margin_top":"","patiotime_single_page_custom_page_title_tablet_margin_top":"","patiotime_single_page_custom_page_title_mobile_margin_top":"","patiotime_single_page_hide_page_title":"on","patiotime_single_page_header_section_size":"","patiotime_single_page_header_background_color":"","patiotime_single_page_header_background_position_x":"center","patiotime_single_page_header_background_position_y":"center","patiotime_single_page_header_background_size":"cover","patiotime_single_page_header_background_repeat":"off","patiotime_single_page_header_background_scroll":"on","patiotime_single_page_header_text_color":"","patiotime_single_page_header_show_breadcrumb":"","patiotime_single_page_site_footer_hide_main":"","patiotime_single_custom_site_footer_main_source":"","patiotime_single_custom_site_footer_main":"0","patiotime_single_page_site_footer_hide_above":"","patiotime_single_custom_site_footer_above_source":"","patiotime_single_custom_site_footer_above":"0","patiotime_single_page_site_footer_hide_instagram":"","patiotime_single_page_site_footer_hide_bottom":"","patiotime_single_custom_mobile_menu_source":"","patiotime_single_custom_mobile_menu":"0","patiotime_single_custom_mobile_menu_animation":"","patiotime_single_custom_mobile_menu_width":"","patiotime_single_custom_mobile_menu_custom_width":375,"footnotes":""},"class_list":["post-571","page","type-page","status-publish","hentry"],"yoast_head":"<!-- This site is optimized with the Yoast SEO plugin v27.4 - https:\/\/yoast.com\/product\/yoast-seo-wordpress\/ -->\n<title>Chambre Separee - Da Peppe<\/title>\n<meta name=\"robots\" content=\"index, follow, max-snippet:-1, max-image-preview:large, max-video-preview:-1\" \/>\n<link rel=\"canonical\" href=\"https:\/\/dapeppe.se\/index.php\/chambre-separee\/\" \/>\n<meta property=\"og:locale\" content=\"en_US\" \/>\n<meta property=\"og:type\" content=\"article\" \/>\n<meta property=\"og:title\" content=\"Chambre Separee - Da Peppe\" \/>\n<meta property=\"og:description\" content=\"chambre separee BOKA CHAMBRE Hosting a celebratory occasion chambre separee V\u00e5r Chambre S\u00e9par\u00e9e erbjuder en exklusiv och intim milj\u00f6 f\u00f6r s\u00e4llskap som s\u00f6ker en privat och lyxig upplevelse. Med elegant inredning och f\u00f6rstklassig service skapar vi en atmosf\u00e4r av diskretion och komfort. Upplev en of\u00f6rgl\u00f6mlig kv\u00e4ll med dina n\u00e4rmaste i v\u00e5r Chambre S\u00e9par\u00e9e, d\u00e4r varje ...\" \/>\n<meta property=\"og:url\" content=\"https:\/\/dapeppe.se\/index.php\/chambre-separee\/\" \/>\n<meta property=\"og:site_name\" content=\"Da Peppe\" \/>\n<meta property=\"article:modified_time\" content=\"2025-12-12T16:19:52+00:00\" \/>\n<meta property=\"og:image\" content=\"https:\/\/dapeppe.se\/wp-content\/uploads\/2024\/04\/oxfile-1024x683.jpg\" \/>\n\t<meta property=\"og:image:width\" content=\"1024\" \/>\n\t<meta property=\"og:image:height\" content=\"683\" \/>\n\t<meta property=\"og:image:type\" content=\"image\/jpeg\" \/>\n<meta name=\"twitter:card\" content=\"summary_large_image\" \/>\n<meta name=\"twitter:label1\" content=\"Est. reading time\" \/>\n\t<meta name=\"twitter:data1\" content=\"1 minute\" \/>\n<script type=\"application\/ld+json\" class=\"yoast-schema-graph\">{\"@context\":\"https:\\\/\\\/schema.org\",\"@graph\":[{\"@type\":\"WebPage\",\"@id\":\"https:\\\/\\\/dapeppe.se\\\/index.php\\\/chambre-separee\\\/\",\"url\":\"https:\\\/\\\/dapeppe.se\\\/index.php\\\/chambre-separee\\\/\",\"name\":\"Chambre Separee - Da Peppe\",\"isPartOf\":{\"@id\":\"https:\\\/\\\/dapeppe.se\\\/#website\"},\"primaryImageOfPage\":{\"@id\":\"https:\\\/\\\/dapeppe.se\\\/index.php\\\/chambre-separee\\\/#primaryimage\"},\"image\":{\"@id\":\"https:\\\/\\\/dapeppe.se\\\/index.php\\\/chambre-separee\\\/#primaryimage\"},\"thumbnailUrl\":\"https:\\\/\\\/dapeppe.se\\\/wp-content\\\/uploads\\\/2024\\\/04\\\/oxfile-1024x683.jpg\",\"datePublished\":\"2023-06-18T07:31:58+00:00\",\"dateModified\":\"2025-12-12T16:19:52+00:00\",\"breadcrumb\":{\"@id\":\"https:\\\/\\\/dapeppe.se\\\/index.php\\\/chambre-separee\\\/#breadcrumb\"},\"inLanguage\":\"en-US\",\"potentialAction\":[{\"@type\":\"ReadAction\",\"target\":[\"https:\\\/\\\/dapeppe.se\\\/index.php\\\/chambre-separee\\\/\"]}]},{\"@type\":\"ImageObject\",\"inLanguage\":\"en-US\",\"@id\":\"https:\\\/\\\/dapeppe.se\\\/index.php\\\/chambre-separee\\\/#primaryimage\",\"url\":\"https:\\\/\\\/dapeppe.se\\\/wp-content\\\/uploads\\\/2024\\\/04\\\/oxfile.jpg\",\"contentUrl\":\"https:\\\/\\\/dapeppe.se\\\/wp-content\\\/uploads\\\/2024\\\/04\\\/oxfile.jpg\",\"width\":1980,\"height\":1320},{\"@type\":\"BreadcrumbList\",\"@id\":\"https:\\\/\\\/dapeppe.se\\\/index.php\\\/chambre-separee\\\/#breadcrumb\",\"itemListElement\":[{\"@type\":\"ListItem\",\"position\":1,\"name\":\"Home\",\"item\":\"https:\\\/\\\/dapeppe.se\\\/\"},{\"@type\":\"ListItem\",\"position\":2,\"name\":\"Chambre Separee\"}]},{\"@type\":\"WebSite\",\"@id\":\"https:\\\/\\\/dapeppe.se\\\/#website\",\"url\":\"https:\\\/\\\/dapeppe.se\\\/\",\"name\":\"Da Peppe\",\"description\":\"\",\"publisher\":{\"@id\":\"https:\\\/\\\/dapeppe.se\\\/#organization\"},\"potentialAction\":[{\"@type\":\"SearchAction\",\"target\":{\"@type\":\"EntryPoint\",\"urlTemplate\":\"https:\\\/\\\/dapeppe.se\\\/?s={search_term_string}\"},\"query-input\":{\"@type\":\"PropertyValueSpecification\",\"valueRequired\":true,\"valueName\":\"search_term_string\"}}],\"inLanguage\":\"en-US\"},{\"@type\":\"Organization\",\"@id\":\"https:\\\/\\\/dapeppe.se\\\/#organization\",\"name\":\"Da Peppe\",\"url\":\"https:\\\/\\\/dapeppe.se\\\/\",\"logo\":{\"@type\":\"ImageObject\",\"inLanguage\":\"en-US\",\"@id\":\"https:\\\/\\\/dapeppe.se\\\/#\\\/schema\\\/logo\\\/image\\\/\",\"url\":\"https:\\\/\\\/dapeppe.se\\\/wp-content\\\/uploads\\\/2024\\\/03\\\/da-peppe-text.png\",\"contentUrl\":\"https:\\\/\\\/dapeppe.se\\\/wp-content\\\/uploads\\\/2024\\\/03\\\/da-peppe-text.png\",\"width\":942,\"height\":537,\"caption\":\"Da Peppe\"},\"image\":{\"@id\":\"https:\\\/\\\/dapeppe.se\\\/#\\\/schema\\\/logo\\\/image\\\/\"}}]}<\/script>\n<!-- \/ Yoast SEO plugin. -->","yoast_head_json":{"title":"Chambre Separee - Da Peppe","robots":{"index":"index","follow":"follow","max-snippet":"max-snippet:-1","max-image-preview":"max-image-preview:large","max-video-preview":"max-video-preview:-1"},"canonical":"https:\/\/dapeppe.se\/index.php\/chambre-separee\/","og_locale":"en_US","og_type":"article","og_title":"Chambre Separee - Da Peppe","og_description":"chambre separee BOKA CHAMBRE Hosting a celebratory occasion chambre separee V\u00e5r Chambre S\u00e9par\u00e9e erbjuder en exklusiv och intim milj\u00f6 f\u00f6r s\u00e4llskap som s\u00f6ker en privat och lyxig upplevelse. Med elegant inredning och f\u00f6rstklassig service skapar vi en atmosf\u00e4r av diskretion och komfort. Upplev en of\u00f6rgl\u00f6mlig kv\u00e4ll med dina n\u00e4rmaste i v\u00e5r Chambre S\u00e9par\u00e9e, d\u00e4r varje ...","og_url":"https:\/\/dapeppe.se\/index.php\/chambre-separee\/","og_site_name":"Da Peppe","article_modified_time":"2025-12-12T16:19:52+00:00","og_image":[{"width":1024,"height":683,"url":"https:\/\/dapeppe.se\/wp-content\/uploads\/2024\/04\/oxfile-1024x683.jpg","type":"image\/jpeg"}],"twitter_card":"summary_large_image","twitter_misc":{"Est. reading time":"1 minute"},"schema":{"@context":"https:\/\/schema.org","@graph":[{"@type":"WebPage","@id":"https:\/\/dapeppe.se\/index.php\/chambre-separee\/","url":"https:\/\/dapeppe.se\/index.php\/chambre-separee\/","name":"Chambre Separee - Da Peppe","isPartOf":{"@id":"https:\/\/dapeppe.se\/#website"},"primaryImageOfPage":{"@id":"https:\/\/dapeppe.se\/index.php\/chambre-separee\/#primaryimage"},"image":{"@id":"https:\/\/dapeppe.se\/index.php\/chambre-separee\/#primaryimage"},"thumbnailUrl":"https:\/\/dapeppe.se\/wp-content\/uploads\/2024\/04\/oxfile-1024x683.jpg","datePublished":"2023-06-18T07:31:58+00:00","dateModified":"2025-12-12T16:19:52+00:00","breadcrumb":{"@id":"https:\/\/dapeppe.se\/index.php\/chambre-separee\/#breadcrumb"},"inLanguage":"en-US","potentialAction":[{"@type":"ReadAction","target":["https:\/\/dapeppe.se\/index.php\/chambre-separee\/"]}]},{"@type":"ImageObject","inLanguage":"en-US","@id":"https:\/\/dapeppe.se\/index.php\/chambre-separee\/#primaryimage","url":"https:\/\/dapeppe.se\/wp-content\/uploads\/2024\/04\/oxfile.jpg","contentUrl":"https:\/\/dapeppe.se\/wp-content\/uploads\/2024\/04\/oxfile.jpg","width":1980,"height":1320},{"@type":"BreadcrumbList","@id":"https:\/\/dapeppe.se\/index.php\/chambre-separee\/#breadcrumb","itemListElement":[{"@type":"ListItem","position":1,"name":"Home","item":"https:\/\/dapeppe.se\/"},{"@type":"ListItem","position":2,"name":"Chambre Separee"}]},{"@type":"WebSite","@id":"https:\/\/dapeppe.se\/#website","url":"https:\/\/dapeppe.se\/","name":"Da Peppe","description":"","publisher":{"@id":"https:\/\/dapeppe.se\/#organization"},"potentialAction":[{"@type":"SearchAction","target":{"@type":"EntryPoint","urlTemplate":"https:\/\/dapeppe.se\/?s={search_term_string}"},"query-input":{"@type":"PropertyValueSpecification","valueRequired":true,"valueName":"search_term_string"}}],"inLanguage":"en-US"},{"@type":"Organization","@id":"https:\/\/dapeppe.se\/#organization","name":"Da Peppe","url":"https:\/\/dapeppe.se\/","logo":{"@type":"ImageObject","inLanguage":"en-US","@id":"https:\/\/dapeppe.se\/#\/schema\/logo\/image\/","url":"https:\/\/dapeppe.se\/wp-content\/uploads\/2024\/03\/da-peppe-text.png","contentUrl":"https:\/\/dapeppe.se\/wp-content\/uploads\/2024\/03\/da-peppe-text.png","width":942,"height":537,"caption":"Da Peppe"},"image":{"@id":"https:\/\/dapeppe.se\/#\/schema\/logo\/image\/"}}]}},"_links":{"self":[{"href":"https:\/\/dapeppe.se\/index.php\/wp-json\/wp\/v2\/pages\/571","targetHints":{"allow":["GET"]}}],"collection":[{"href":"https:\/\/dapeppe.se\/index.php\/wp-json\/wp\/v2\/pages"}],"about":[{"href":"https:\/\/dapeppe.se\/index.php\/wp-json\/wp\/v2\/types\/page"}],"author":[{"embeddable":true,"href":"https:\/\/dapeppe.se\/index.php\/wp-json\/wp\/v2\/users\/1"}],"replies":[{"embeddable":true,"href":"https:\/\/dapeppe.se\/index.php\/wp-json\/wp\/v2\/comments?post=571"}],"version-history":[{"count":27,"href":"https:\/\/dapeppe.se\/index.php\/wp-json\/wp\/v2\/pages\/571\/revisions"}],"predecessor-version":[{"id":2615,"href":"https:\/\/dapeppe.se\/index.php\/wp-json\/wp\/v2\/pages\/571\/revisions\/2615"}],"wp:attachment":[{"href":"https:\/\/dapeppe.se\/index.php\/wp-json\/wp\/v2\/media?parent=571"}],"curies":[{"name":"wp","href":"https:\/\/api.w.org\/{rel}","templated":true}]}}